{"id":120,"date":"2014-06-21T20:21:27","date_gmt":"2014-06-21T18:21:27","guid":{"rendered":"https:\/\/thaisinglereisen.com\/?page_id=120"},"modified":"2020-05-07T00:24:03","modified_gmt":"2020-05-06T22:24:03","slug":"agb","status":"publish","type":"page","link":"https:\/\/thaisinglereisen.com\/en\/agb\/","title":{"rendered":"Allgemeine Gesch\u00e4ftsbedingungen"},"content":{"rendered":"<p>Diese allgemeinen Gesch\u00e4ftsbedingungen regeln die vertraglichen Beziehungen zwischen dem Nutzer dieser Internetseite und der Agentur Thai Single Reisen (ThaiSingleReisen.com).<\/p>\n<p>Thai Single Reisen (ThaiSingleReisen.com) erbringt seine Leistung ausschlie\u00dflich gem\u00e4\u00df der nachfolgenden allgemeinen Gesch\u00e4ftsbedingungen, nachfolgend AGB genannt. Die Vermittlungsleistung entspricht die eines Maklers.<\/p>\n<p>Mit der Nutzung\/ Inanspruchnahme dieser Webseite, erkennt der jeweilige Nutzer diese AGB als verbindlich an, unabh\u00e4ngig von welchem Land aus der Zugriff erfolgt. Abweichende Regelungen des Nutzers werden hiermit widersprochen.<\/p>\n<p>Der Nutzer erkl\u00e4rt im Sinne des Gesetzes des Landes in dem er sich zum Zeitpunkt der Nutzung befindet, vollj\u00e4hrig zu sein und es ihm per Gesetz gestattet ist, erotische Inhalte in Form von Bildern und Texten anzuschauen.<\/p>\n<p>Personen die dem Gesetz nach nicht vollj\u00e4hrig sind oder mit diesen AGB nicht einverstanden sind, m\u00fcssen diese Internetseite verlassen.<\/p>\n<p>I. Gegenstand der Bedingungen der Agentur Thai Single Reisen (ThaiSingleReisen.com)<\/p>\n<p>Thai Single Reisen (ThaiSingleReisen.com) bietet einen High Class Begleitservice an, in dem die dargestellten Personen, (nachfolgend: Begleiterinnen genannt), an interessierte Kunden von der Begleitagentur vermittelt werden.<\/p>\n<p>Der Zugang auf die Internetseiten der Agentur Thai Single Reisen (ThaiSingleReisen.com), ist f\u00fcr alle Nutzer kostenfrei.<\/p>\n<p>Die nachfolgenden Bedingungen regeln die Inanspruchnahme der Internetseite Thai Single Reisen (ThaiSingleReisen.com) durch die Nutzer\/ Kunden\/ Begleiterinnen und sind Bestandteil aller Vertr\u00e4ge zwischen dem Nutzer\/ Kunden\/ Begleiterinnen und der Agentur Thai Single Reisen (ThaiSingleReisen.com).<\/p>\n<p>II. Datenschutz f\u00fcr Kunden und Begleiterinnen <\/p>\n<p>Die Sicherheit und der Schutz der Kunden\/ Begleiterinnen , ist der Agentur Thai Single Reisen (ThaiSingleReisen.com) ein besonderes Anliegen. Thai Single Reisen (ThaiSingleReisen.com) erhebt ausschlie\u00dflich Daten, die f\u00fcr eine erfolgreiche Vermittlung von Bedeutung sind.<\/p>\n<p>III. Verwendung von Cookies<\/p>\n<p>Diese Webseite verwendet Cookies, um bestimmte Funktionen zu erm\u00f6glichen und das Angebot zu verbessern. Indem Sie mit der Nutzung unserer Webseite fortfahren, stimmen Sie der Nutzung von Cookies zu.<\/p>\n<p>IV. Einwilligungserkl\u00e4rung Datenschutz<\/p>\n<p>Mit der \u00dcbersendung Ihrer vertraulichen Daten, zum Beispiel per E-Mail, erkl\u00e4ren Sie sich einverstanden, dass die von Ihnen angegebenen Daten elektronisch erhoben und gespeichert werden. Ihre Daten werden dabei nur streng zweckgebunden und zur Bearbeitung und Beantwortung Ihrer Anfrage\/ Buchung\/ Bewerbung genutzt. Eine Weitergabe an Dritte, zum Beispiel f\u00fcr Werbezwecke, ist zwingend ausgeschlossen. Diese Einwilligung k\u00f6nnen Sie jederzeit durch Nachricht an uns widerrufen. Im Falle des Widerrufs, werden Ihre Daten umgehend gel\u00f6scht.<\/p>\n<p>V. Datenschutzerkl\u00e4rung f\u00fcr die Nutzung von Google Analytics<\/p>\n<p>Die Webseite von Thai Single Reisen (ThaiSingleReisen.com), benutzt Google Analytics, einen Webanalysedienst der Google Inc. (&#8220;Google&#8221;). Google Analytics verwendet sog. &#8220;Cookies&#8221;, Textdateien, die auf Ihrem Computer gespeichert werden und die eine Analyse der Benutzung dieser Webseite durch Sie erm\u00f6glichen. Die durch den Cookie erzeugten Informationen \u00fcber Ihre Benutzung der Webseite von Thai Single Reisen (ThaiSingleReisen.com), werden an einen Server von Google in den USA \u00fcbertragen und dort gespeichert. Im Falle der Aktivierung der IP-Anonymisierung auf dieser Webseite, wird Ihre IP-Adresse von Google jedoch innerhalb von Mitgliedstaaten der Europ\u00e4ischen Union oder in anderen Vertragsstaaten des Abkommens \u00fcber den Europ\u00e4ischen Wirtschaftsraum zuvor gek\u00fcrzt.<\/p>\n<p>Nur in Ausnahmef\u00e4llen wird die volle IP-Adresse an einen Server von Google in den USA \u00fcbertragen und dort gek\u00fcrzt. Im Auftrag des Betreibers der Website von: Thai Single Reisen (ThaiSingleReisen.com), wird Google diese Informationen benutzen, um Ihre Nutzung dieser Webseite auszuwerten. Es werden Reports \u00fcber die Webseitenaktivit\u00e4ten zusammengestellt und weitere mit der Webseitennutzung\/ Internetnutzung verbundene Dienstleistungen gegen\u00fcber dem Webseitenbetreiber zu erbringen. Die im Rahmen von Google Analytics von Ihrem Browser \u00fcbermittelte IP-Adresse, wird nicht mit anderen Daten von Google zusammengef\u00fchrt.<\/p>\n<p>Die Speicherung der Cookies durch eine entsprechende Einstellung Ihrer Browser-Software k\u00f6nnen Sie verhindern. In diesem Fall k\u00f6nnen gegebenenfalls nicht s\u00e4mtliche Funktionen dieser Webseite vollumf\u00e4nglich genutzt werden. Sie k\u00f6nnen die Erfassung der durch das Cookie erzeugten und auf Ihre Nutzung der Webseite bezogenen Daten (inkl. Ihrer IP-Adresse) an Google, sowie die Verarbeitung dieser Daten durch Google verhindern, indem Sie das Browser-Plugin unter nachfolgende Link herunterladen und installieren: http:\/\/tools.google.com\/dlpage\/gaoptout?hl=de.<\/p>\n<p>VI. Beschreibung des Begleitervice von Thai Single Reisen (ThaiSingleReisen.com).<\/p>\n<p>(1) Thai Single Reisen (ThaiSingleReisen.com) bietet einen High Class Begleitservice an, in dem die dargestellten Begleiterinnen von der Agentur vermittelt werden. Die Agentur Thai Single Reisen (ThaiSingleReisen.com) tritt zwischen dem Kunden und den dargestellten Begleiterinnen ausschlie\u00dflich als Vermittler\/ Makler auf. Ein Vertrag gilt als zustande gekommen, wenn eine Vermittlung erfolgreich war.<\/p>\n<p>(2) Alle auf dieser Internetseite dargestellten Begleiterinnen treten jede f\u00fcr sich, nach Au\u00dfen und gegen\u00fcber dem Kunden, als (im Sinne des Gesetzes) selbst\u00e4ndige und eigenverantwortliche Leistungserbringer auf und arbeiten im eigenen Namen und auf eigene Rechnung.<\/p>\n<p>(3) Alle Begleiterinnen, die auf dieser Webseite inserieren, treten jede f\u00fcr sich, nach Au\u00dfen und gegen\u00fcber dem Kunden, als (im Sinne des Gesetzes) selbst\u00e4ndige und eigenverantwortliche Leistungserbringer auf und handeln im eigenen Namen und auf eigene Rechnung.<\/p>\n<p>(4) Alle auf dieser Webseite genannten Preise (Honorar), beziehen sich nicht auf bestimmte Handlungen -gleich welcher Art. Alle genannten Preise dienen nur der Orientierung und sind f\u00fcr alle Parteien variabel und freibleibend. Alle Angaben \u00fcber Preise, Zahlungsmodalit\u00e4ten und evtl. Anfahrts-\/ Reisekosten finden Sie unter Preise&#038;Service.<\/p>\n<p>(5) Alle auf dieser Webseite zur Ver\u00f6ffentlichung eingesendeten\/ \u00fcberbrachten Fotos, Daten, Texte (nachfolgend: Inhalte genannt), erfolgen ausschlie\u00dflich im Auftrag der Begleiterinnen. Thai Single Reisen (ThaiSingleReisen.com) beschr\u00e4nkt sich auf die \u00e4u\u00dfere Gestaltung und Bearbeitung der Inhalte. F\u00fcr die Richtigkeit der Inhalte beschr\u00e4nkt sich die Haftung von Thai Single Reisen (ThaiSingleReisen.com) auf grobe Fahrl\u00e4ssigkeit und Vorsatz.<\/p>\n<p>VII. Haftungsausschluss\/ Inhalt des Online Angebotes<\/p>\n<p>Thai Single Reisen (ThaiSingleReisen.com) \u00fcbernimmt keinerlei Gew\u00e4hr f\u00fcr die Aktualit\u00e4t, Korrektheit, Vollst\u00e4ndigkeit oder Qualit\u00e4t der bereitgestellten Informationen. Haftungsanspr\u00fcche gegen Thai Single Reisen (ThaiSingleReisen.com), welche sich auf Sch\u00e4den materieller oder ideeller Art beziehen, die durch die Nutzung oder Nichtnutzung der dargebotenen  Informationen bzw. durch die Nutzung fehlerhafter und unvollst\u00e4ndiger Informationen verursacht wurden sind grunds\u00e4tzlich ausgeschlossen, sofern seitens Thai Single Reisen (ThaiSingleReisen.com) kein nachweislich vors\u00e4tzliches oder grob fahrl\u00e4ssiges Verschulden vorliegt. Alle Angebote sind freibleibend und unverbindlich. Thai Single Reisen (ThaiSingleReisen.com) beh\u00e4lt es sich ausdr\u00fccklich vor, Teile der Seiten oder das gesamte Angebot ohne gesonderte Ank\u00fcndigung zu ver\u00e4ndern, zu erg\u00e4nzen, zu l\u00f6schen oder die Ver\u00f6ffentlichung zeitweise oder endg\u00fcltig einzustellen. Thai Single Reisen (ThaiSingleReisen.com) schlie\u00dft jegliche Haftung grunds\u00e4tzlich aus, soweit es mit dem Gesetz vereinbar ist, da es sich um eine Vermittlungsplattform handelt und alle dargebotenen Begleiterinnen im eigenen Namen auf eigene Rechnung und auf eigenes Risiko handeln.<\/p>\n<p>VIII. Verweise und Links<\/p>\n<p>Bei direkten und indirekten Verweisen auf fremde Internetseiten (Links), die au\u00dferhalb des Verantwortungsbereiches von Thai Single Reisen (ThaiSingleReisen.com) liegen, w\u00fcrde eine Haftungsverpflichtung ausschlie\u00dflich in dem Fall in Kraft treten, in dem Thai Single Reisen (ThaiSingleReisen.com) von den Inhalten Kenntnis hat und es ihr technisch m\u00f6glich und zumutbar w\u00e4re, die Nutzung im Falle rechtwidriger Inhalte zu verhindern. Thai Single Reisen (ThaiSingleReisen.com) erkl\u00e4rt hiermit ausdr\u00fccklich, dass zum Zeitpunkt der Linkssetzung, die entsprechenden verlinkten Seiten frei von illegalen Inhalten waren. Auf die aktuelle und zuk\u00fcnftige Gestaltung, die Inhalte oder Urheberschaft der gelinkten\/ verkn\u00fcpften Seiten hat Thai Single Reisen (ThaiSingleReisen.com) keinerlei Einfluss. Deshalb distanziert wir uns hiermit ausdr\u00fccklich von allen Inhalten aller gelinkten\/ verkn\u00fcpften Seiten, die nach der Linksetzung ver\u00e4ndert wurden. Diese Feststellung gilt f\u00fcr alle innerhalb des eigenen Internetangebotes gesetzten Links und Verweise, sowie f\u00fcr Fremdeintr\u00e4ge in von Thai Single Reisen (ThaiSingleReisen.com) eingerichteten G\u00e4steb\u00fcchern, Diskussionsforen und Mailinglisten. F\u00fcr illegale, fehlerhafte oder unvollst\u00e4ndige Inhalte und insbesondere f\u00fcr Sch\u00e4den, die aus der Nutzung oder Nichtnutzung solcherart dargebotener Informationen entstehen, haftet allein der Anbieter der Seite, auf welche verwiesen wurde, nicht derjenige, der \u00fcber Links auf die jeweilige Ver\u00f6ffentlichung lediglich verweist.<\/p>\n<p>IX. Bei einem Banner-\/ Linktausch gelten folgende Regeln:<\/p>\n<p>Der Banner von Thai Single Reisen (ThaiSingleReisen.com) muss gut sichtbar platziert werden. Es ist verboten den HTML-Code unserer Banner zu manipulieren. Es ist verboten unsere Banner hinter kostenpflichtigen Toren einzuf\u00fcgen. Es werden von uns nur FSK 16 Banner akzeptiert. Popups und selbstinstallierende Dialer Nummern, Cheater usw. werden sofort gel\u00f6scht. Seiten mit illegalen Inhalten (z.B. Kinderpornografie), werden sofort zur Anzeige gebracht. Thai Single Reisen (ThaiSingleReisen.com) beh\u00e4lt sich das Recht vor Banner\/ Links abzulehnen bzw. zu l\u00f6schen.<\/p>\n<p>X. Urheber- und Kennzeichnungsrecht<\/p>\n<p>Thai Single Reisen (ThaiSingleReisen.com) ist bestrebt, in allen Publikationen die Urheberrechte der verwendeten Grafiken, Tondokumente, Videosequenzen, Texte und Fotos zu beachten, von ihm selbst erstellte Grafiken, Tondokumente, Videosequenzen, Texte und Fotos zu nutzen oder auf lizenzfreie Grafiken, Tondokumente, Videosequenzen, Texte und Fotos zur\u00fcckzugreifen. Alle innerhalb des Internetangebotes genannten und ggf. durch Dritte gesch\u00fctzten Marken-und Warenzeichen unterliegen uneingeschr\u00e4nkt den Bestimmungen des jeweils g\u00fcltigen Kennzeichnungsrechts und den Besitzrechten der jeweiligen eingetragenen Eigent\u00fcmer. Allein auf Grund der blo\u00dfen Nennung, ist nicht der Schluss zu ziehen, dass Markenzeichen nicht durch Rechte Dritter gesch\u00fctzt sind. Das Copyright f\u00fcr ver\u00f6ffentlichte, von Thai Single Reisen (ThaiSingleReisen.com) selbst erstellte Objekte bleibt allein beim Autor der Seiten. Eine Vervielf\u00e4ltigung oder Verwendung solcher Grafiken, Tondokumente, Videosequenzen, Texte und Fotos in anderen elektronischen oder gedruckten Publikationen ist ohne ausdr\u00fcckliche Zustimmung von Thai Single Reisen (ThaiSingleReisen.com) nicht gestattet.<\/p>\n<p>XI. Copyright\u00a9 Alle Rechte vorbehalten<\/p>\n<p>Alle Rechte an Programmen, Leistungen, Verfahren, Software, Technologien, Marken, Handelsnamen, Erfindungen, Grafiken, Fotos und allen Materialien, die zu Thai Single Reisen (ThaiSingleReisen.com) geh\u00f6ren, liegen ausschlie\u00dflich bei der Begleitservice-Agentur. Thai Single Reisen (ThaiSingleReisen.com) ist Inhaber s\u00e4mtlicher Urheberrechte an den oben genannten Rechten. Die Nutzung s\u00e4mtlicher Programme und der darin enthaltenen Inhalte, Materialien, Marken und Handelsnamen ist ausschlie\u00dflich zu den in diesen AGB genannten Zwecken zul\u00e4ssig. Downloaden bzw. eine Vervielf\u00e4ltigung der Programme, Leistungen, Verfahren, Software etc. -egal zu welchem Zweck ist nicht zul\u00e4ssig.<\/p>\n<p>XII. Begleit-Service und Kundendaten<\/p>\n<p>Allen Begleiterinnen ist bewusst, dass ein High Class Begleitservice auf ein zuverl\u00e4ssiges Verhalten der Begleiterinnen angewiesen ist. die Begleitung ist daher verpflichtet, auf alle Auftrags-Anfragen von Thai Single Reisen (ThaiSingleReisen.com) zu antworten. Die Begleiterin ist verpflichtet nach besten Wissen und Gewissen, mit niveauvollen und kundenorientierten Verhalten, den guten Namen der Agentur Thai Single Reisen (ThaiSingleReisen.com) nach au\u00dfen zu vertreten. Dies beinhaltet ein gepflegtes \u00c4u\u00dferes, angepasste Kleidung, ein freundliches Miteinander sowie ein p\u00fcnktliches Erscheinen beim Kunden.<\/p>\n<p>Alle Kunden-Daten bleiben in Gegenwart und in Zukunft ausschlie\u00dflich Eigentum von Thai Single Reisen (ThaiSingleReisen.com) und unterstehen dem Datenschutz und der Diskretionsverpflichtung gegen\u00fcber unseren Kunden.<\/p>\n<p>XIII. Einsenden\/ \u00dcberbringen von Inhalten<\/p>\n<p>Der Einsender\/ \u00dcberbringer von Inhalten versichert, dass jegliche an Thai Single Reisen (ThaiSingleReisen.com) gesendeten\/ \u00fcberbrachten Inhalte (Fotos, Daten, Texte) frei von Rechten Dritter sind. Der Einsender\/ \u00dcberbringer verpflichtet sich zur Abgabe einer eidesstattlichen Versicherung, das er selbst auf den eingesendeten\/ \u00fcberbrachten Fotos abgebildet ist, oder wenn jemand Drittes abgebildet ist, dass er die entsprechenden Ver\u00f6ffentlichungsrechte besitzt. Des Weiteren versichert er, dem Gesetz nach vollj\u00e4hrig zu sein. Es wird darauf hingewiesen, dass derjenige, der unberechtigt Fotos einsendet\/ \u00fcberbringt, sich dem Berechtigten gegen\u00fcber schadenersatzpflichtig macht.<\/p>\n<p>Der Einsender\/ \u00dcberbringer jeglicher Inhalte stellt Thai Single Reisen (ThaiSingleReisen.com) von allen Anspr\u00fcchen Dritter frei, die diese wegen der Verletzung ihrer Rechte, insbesondere von Wettbewerbs-, Urheber-, Lizenz- oder sonstigen Schutzrechten aufgrund der vom Einsender\/ \u00dcberbringer \u00fcbermittelten Inhalte gegen die Begleitagentur geltend macht. Der Einsender\/ \u00dcberbringer erstattet Thai Single Reisen (ThaiSingleReisen.com) s\u00e4mtliche Kosten der Rechtsverfolgung, die aufgrund seiner rechtsverletzenden Inhalte entstehen. Der Einsender\/ \u00dcberbringer verpflichtet sich, Thai Single Reisen (ThaiSingleReisen.com) nach Kr\u00e4ften bei der Begegnung s\u00e4mtlicher auf seinen Inhalten beruhenden Anspr\u00fcche Dritter zu unterst\u00fctzen und uns insbesondere alle zur Verteidigung erforderlichen Dokumente zu \u00fcbergeben.<\/p>\n<p>Jedem User sollte bewusst sein, dass Inhalte, die im Internet ver\u00f6ffentlicht werden, ohne weiteres zu kopieren sind und dass die Gefahr besteht, dass diese von Dritten (rechtswidrig) anderweitig ver\u00f6ffentlicht werden k\u00f6nnten. Vor diesem Hintergrund ist die Haftung von Thai Single Reisen (ThaiSingleReisen.com) auf Vorsatz und grobe Fahrl\u00e4ssigkeit beschr\u00e4nkt.<\/p>\n<p>XIV. Copyright\u00a9 der eingesendeten\/ \u00fcberbrachten Inhalte<\/p>\n<p>Die Inhalte der auf dieser Internetseite dargestellten Begleiterinnen unterliegen dem Copyright. Eine andere Verwendung -egal zu welchem Zweck, als die Ver\u00f6ffentlichung durch Thai Single Reisen (ThaiSingleReisen.com), ist in keinem Fall zul\u00e4ssig. Bei einer rechtsverletzenden Nutzung der Inhalte, insbesondere durch eine Branchengleiche\/ Branchen\u00e4hnliche gewerbliche Verwendung, wie der von Thai Single Reisen (ThaiSingleReisen.com), verpflichtet sich der Nutzer der illegal verwendeten Inhalte an Thai Single Reisen (ThaiSingleReisen.com) einen pauschalierten Schadenersatz von eintausend f\u00fcnfhundert Euro zu zahlen.<\/p>\n<p>Dem Nutzer wird in diesem Fall der Nachweis gestattet, dass ein Schaden \u00fcberhaupt nicht entstanden ist oder wesentlich niedriger ist als die Pauschale. Thai Single Reisen (ThaiSingleReisen.com) bleibt es vorbehalten nachzuweisen, dass ein h\u00f6herer Schaden entstanden ist. Die Geltendmachung weitergehender Anspr\u00fcche bleibt vorbehalten.<\/p>\n<p>XV. Freistellung von Anspr\u00fcchen Dritter<\/p>\n<p>Jeder Nutzer\/ Kunde\/ Begleiterin stellt Thai Single Reisen (ThaiSingleReisen.com) hiermit von jeglicher Haftung und von allen Verpflichtungen, Aufwendungen und Anspr\u00fcchen, die sich aus Sch\u00e4den wegen \u00fcbler Nachrede, Beleidigung, Verletzung von Pers\u00f6nlichkeitsrechten durch andere Nutzer\/ Kunden\/ Begleiterinnen wegen des Ausfalls von Dienstleistungen f\u00fcr Nutzer\/ Kunden\/ Begleiterinnen , wegen der Verletzung von Immaterialg\u00fcter-oder sonstigen Rechten durch Nutzer\/ Kunden\/ Begleiterinnen ergeben frei, insofern dies mit dem Gesetz vereinbar ist. Ferner stellt jeder Nutzer\/ Kunde\/ Thai Single Reisen (ThaiSingleReisen.com) von jeder Haftung und allen Anspr\u00fcchen und Kosten frei, die sich aus einem Versto\u00df gegen diese Gesch\u00e4ftsbedingungen ergeben.<\/p>\n<p>XVI. \u00c4nderung der Allgemeinen Gesch\u00e4ftsbedingungen<\/p>\n<p>Thai Single Reisen (ThaiSingleReisen.com) ist berechtigt, die AGB jederzeit und ohne Angabe von Gr\u00fcnden zu \u00e4ndern. Die neuen AGB werden ohne vorherige Ank\u00fcndigung ins Internet gestellt. Die neuen AGB gelten als vereinbart, wenn der Nutzer\/ Kunde\/ Begleiterin die Internetseite von Thai Single Reisen (ThaiSingleReisen.com) in Anspruch nimmt.<\/p>\n<p>XVII. Widerrufsrecht (gesetzlich)<\/p>\n<p>Jeder Nutzer\/ Kunde hat das Recht, das Vertragsverh\u00e4ltnis ohne Angaben von Gr\u00fcnden sp\u00e4testens zwei Wochen vor Reisebeginn zu widerrufen. Zur Wahrung der Widerrufsfrist gen\u00fcgt die rechtzeitige Absendung des Widerrufs, z. B. per E-Mail.<\/p>\n<p>Widerrufsfolgen<\/p>\n<p>Im Falle eines wirksamen Widerrufs sind die beiderseitigen empfangenen Leistungen wechselseitig zur\u00fcck zu gew\u00e4hren und gegebenenfalls gezogene Nutzungen (z.B. Gebrauchsvorteile) herauszugeben. Kann die empfangende Leistung ganz oder teilweise nicht zur\u00fcckgew\u00e4hrt werden, ist insoweit vom Nutzer Wertersatz zu leisten. Die Frist beginnt f\u00fcr Sie mit der Absendung Ihrer Widerrufserkl\u00e4rung, f\u00fcr uns mit deren Empfang.<\/p>\n<p>Erl\u00f6schung des Widerrufsrechts<\/p>\n<p>Das Widerrufsrecht erlischt vorzeitig, wenn der Vertrag von beiden Seiten auf Ihren ausdr\u00fccklichen Wunsch vollst\u00e4ndig erf\u00fcllt ist, bevor Sie Ihr Widerrufsrecht ausge\u00fcbt haben.<\/p>\n<p>Widerrufsrecht (Thai Single Reisen (ThaiSingleReisen.com))<\/p>\n<p>F\u00fcr den Fall, dass ein Kunde einen Termin aus privaten- oder beruflichen Gr\u00fcnden absagen muss, so bitten wir den Kunden uns dar\u00fcber schnellstm\u00f6glich zu informieren. Falls eine Anzahlung geleistet wurde, (z.B. f\u00fcr eine Urlaubsreise), so wird diese innerhalb von 14 Tagen nach Abzug der angefallenen Kosten verrechnet.<\/p>\n<p>XVIII. Gerichtsstand und Erf\u00fcllungsort<\/p>\n<p>Der Gerichtsstand und Erf\u00fcllungsort von Thai Single Reisen (ThaiSingleReisen.com) ist immer der Sitz des Unternehmens. Das Unternehmen ist berechtigt, Anspr\u00fcche gegen Dritte auch an jedem anderen f\u00fcr dieses zust\u00e4ndige Gericht gelten zu machen.<\/p>\n<p>XIX. Allgemeines<\/p>\n<p>Da die Sprache der Internetseite zwar in Deutsch und Englisch gehalten, aber die Vermittlung in nur Thailand zustande kommt, gelten f\u00fcr diese Allgemeinen Gesch\u00e4ftsbedingungen und die gesamten Rechtsbeziehungen zwischen dem Nutzer\/ Kunden\/ Begleiterin und Thai Single Reisen (ThaiSingleReisen.com), das Recht des K\u00f6nigreich Thailands. Sofern Teile oder einzelne Formulierungen dieses Textes der geltenden Rechtslage nicht, nicht mehr oder nicht vollst\u00e4ndig entsprechen sollten, bleiben die \u00fcbrigen Teile des Dokumentes in ihrem Inhalt und ihrer G\u00fcltigkeit davon unber\u00fchrt. Die Parteien verpflichten sich, unwirksame Bestimmungen durch neue Bestimmungen zu ersetzen, die der in den unwirksamen Bestimmungen enthaltenen Regelungen in rechtlich zul\u00e4ssiger Weise gerecht werden. Entsprechendes gilt f\u00fcr enthaltene Regelungsl\u00fccken. Zur Behebung der L\u00fccke verpflichten sich die Parteien auf eine Art und Weise zu wirken, die dem am n\u00e4chsten kommt, was die Parteien nach dem Sinn und Zweck des Vertrages bestimmt h\u00e4tten, wenn der Punkt von ihnen bedacht worden w\u00e4re.<\/p>\n","protected":false},"excerpt":{"rendered":"<p>Diese allgemeinen Gesch\u00e4ftsbedingungen regeln die vertraglichen Beziehungen zwischen dem Nutzer dieser Internetseite und der Agentur Thai Single Reisen (ThaiSingleReisen.com). Thai Single Reisen (ThaiSingleReisen.com) erbringt seine Leistung ausschlie\u00dflich gem\u00e4\u00df der nachfolgenden allgemeinen Gesch\u00e4ftsbedingungen, nachfolgend AGB genannt. Die Vermittlungsleistung entspricht die eines Maklers. Mit der Nutzung\/ Inanspruchnahme dieser Webseite, erkennt der jeweilige Nutzer diese AGB als verbindlich &hellip; <a href=\"https:\/\/thaisinglereisen.com\/en\/agb\/\">Continued<\/a><\/p>\n","protected":false},"author":1,"featured_media":0,"parent":0,"menu_order":0,"comment_status":"closed","ping_status":"open","template":"","meta":{"footnotes":""},"class_list":["post-120","page","type-page","status-publish","hentry"],"jetpack_sharing_enabled":true,"_links":{"self":[{"href":"https:\/\/thaisinglereisen.com\/en\/wp-json\/wp\/v2\/pages\/120","targetHints":{"allow":["GET"]}}],"collection":[{"href":"https:\/\/thaisinglereisen.com\/en\/wp-json\/wp\/v2\/pages"}],"about":[{"href":"https:\/\/thaisinglereisen.com\/en\/wp-json\/wp\/v2\/types\/page"}],"author":[{"embeddable":true,"href":"https:\/\/thaisinglereisen.com\/en\/wp-json\/wp\/v2\/users\/1"}],"replies":[{"embeddable":true,"href":"https:\/\/thaisinglereisen.com\/en\/wp-json\/wp\/v2\/comments?post=120"}],"version-history":[{"count":0,"href":"https:\/\/thaisinglereisen.com\/en\/wp-json\/wp\/v2\/pages\/120\/revisions"}],"wp:attachment":[{"href":"https:\/\/thaisinglereisen.com\/en\/wp-json\/wp\/v2\/media?parent=120"}],"curies":[{"name":"wp","href":"https:\/\/api.w.org\/{rel}","templated":true}]}}